{"id":49,"date":"2026-01-06T17:23:37","date_gmt":"2026-01-06T17:23:37","guid":{"rendered":"http:\/\/www.gite-lesrouvieres.fr\/?page_id=49"},"modified":"2026-01-13T10:52:38","modified_gmt":"2026-01-13T10:52:38","slug":"le-logement","status":"publish","type":"page","link":"https:\/\/www.gite-lesrouvieres.fr\/index.php\/le-logement\/","title":{"rendered":"Le logement"},"content":{"rendered":"<p>[et_pb_section fb_built=\u00a0\u00bb1&Prime; _builder_version=\u00a0\u00bb4.27.5&Prime; _module_preset=\u00a0\u00bbdefault\u00a0\u00bb custom_padding=\u00a0\u00bb16px|||||\u00a0\u00bb global_colors_info=\u00a0\u00bb{}\u00a0\u00bb][et_pb_row _builder_version=\u00a0\u00bb4.27.5&Prime; _module_preset=\u00a0\u00bbdefault\u00a0\u00bb custom_padding=\u00a0\u00bb0px|||||\u00a0\u00bb global_colors_info=\u00a0\u00bb{}\u00a0\u00bb][et_pb_column type=\u00a0\u00bb4_4&Prime; _builder_version=\u00a0\u00bb4.27.5&Prime; _module_preset=\u00a0\u00bbdefault\u00a0\u00bb global_colors_info=\u00a0\u00bb{}\u00a0\u00bb][et_pb_text _builder_version=\u00a0\u00bb4.27.5&Prime; _module_preset=\u00a0\u00bbdefault\u00a0\u00bb global_colors_info=\u00a0\u00bb{}\u00a0\u00bb]<\/p>\n<h1 style=\"text-align: center;\">Le logement<\/h1>\n<p>[\/et_pb_text][\/et_pb_column][\/et_pb_row][\/et_pb_section][et_pb_section fb_built=\u00a0\u00bb1&Prime; _builder_version=\u00a0\u00bb4.27.5&Prime; _module_preset=\u00a0\u00bbdefault\u00a0\u00bb global_colors_info=\u00a0\u00bb{}\u00a0\u00bb][et_pb_row column_structure=\u00a0\u00bb1_2,1_2&Prime; _builder_version=\u00a0\u00bb4.27.5&Prime; _module_preset=\u00a0\u00bbdefault\u00a0\u00bb custom_margin=\u00a0\u00bb-124px|auto||auto||\u00a0\u00bb global_colors_info=\u00a0\u00bb{}\u00a0\u00bb][et_pb_column type=\u00a0\u00bb1_2&Prime; _builder_version=\u00a0\u00bb4.27.5&Prime; _module_preset=\u00a0\u00bbdefault\u00a0\u00bb global_colors_info=\u00a0\u00bb{}\u00a0\u00bb][et_pb_image src=\u00a0\u00bbhttps:\/\/www.gite-lesrouvieres.fr\/wp-content\/uploads\/2026\/01\/Piscine-Gite.webp\u00a0\u00bb title_text=\u00a0\u00bbPiscine-Gite\u0302\u00a0\u00bb _builder_version=\u00a0\u00bb4.27.5&Prime; _module_preset=\u00a0\u00bbdefault\u00a0\u00bb border_radii=\u00a0\u00bbon|10px|10px|10px|10px\u00a0\u00bb global_colors_info=\u00a0\u00bb{}\u00a0\u00bb][\/et_pb_image][\/et_pb_column][et_pb_column type=\u00a0\u00bb1_2&Prime; _builder_version=\u00a0\u00bb4.27.5&Prime; _module_preset=\u00a0\u00bbdefault\u00a0\u00bb global_colors_info=\u00a0\u00bb{}\u00a0\u00bb][et_pb_text _builder_version=\u00a0\u00bb4.27.5&Prime; _module_preset=\u00a0\u00bbdefault\u00a0\u00bb custom_margin=\u00a0\u00bb25%||||false|false\u00a0\u00bb global_colors_info=\u00a0\u00bb{}\u00a0\u00bb]<\/p>\n<p>\u00c0 seulement <span class=\"s1\"><b>12 km de Sisteron<\/b><\/span>, <span class=\"s1\"><b>4 km de Ch\u00e2teau-Arnoux<\/b><\/span>, et <span class=\"s1\"><b>30 km de Digne-les-Bains<\/b><\/span>, notre g\u00eete de <span class=\"s1\"><b>40 m\u00b2<\/b><\/span> offre un cadre calme, ombrag\u00e9 et id\u00e9al pour un <span class=\"s1\"><b>s\u00e9jour en famille<\/b><\/span> ou un <span class=\"s1\"><b>week-end d\u00e9tente<\/b><\/span> en Provence. Situ\u00e9 sur la Route Napol\u00e9on, il b\u00e9n\u00e9ficie d\u2019un emplacement parfait pour explorer la r\u00e9gion, randonner et profiter d\u2019une nature pr\u00e9serv\u00e9e.<\/p>\n<p>[\/et_pb_text][\/et_pb_column][\/et_pb_row][\/et_pb_section][et_pb_section fb_built=\u00a0\u00bb1&Prime; _builder_version=\u00a0\u00bb4.27.5&Prime; _module_preset=\u00a0\u00bbdefault\u00a0\u00bb custom_margin=\u00a0\u00bb-46px|||||\u00a0\u00bb custom_padding=\u00a0\u00bb1px||0px|||\u00a0\u00bb global_colors_info=\u00a0\u00bb{}\u00a0\u00bb][et_pb_row _builder_version=\u00a0\u00bb4.27.5&Prime; _module_preset=\u00a0\u00bbdefault\u00a0\u00bb global_colors_info=\u00a0\u00bb{}\u00a0\u00bb][et_pb_column type=\u00a0\u00bb4_4&Prime; _builder_version=\u00a0\u00bb4.27.5&Prime; _module_preset=\u00a0\u00bbdefault\u00a0\u00bb global_colors_info=\u00a0\u00bb{}\u00a0\u00bb][et_pb_text _builder_version=\u00a0\u00bb4.27.5&Prime; _module_preset=\u00a0\u00bbdefault\u00a0\u00bb global_colors_info=\u00a0\u00bb{}\u00a0\u00bb]<\/p>\n<h3 style=\"text-align: center;\"><strong>\u00a0R\u00e9servez votre logement<\/strong><\/h3>\n<p style=\"text-align: center;\">R\u00e9servation directe sans commission de plateforme.<\/p>\n<p style=\"text-align: center;\">Annulation gratuite jusqu&rsquo;\u00e0 15 jours avant la date de r\u00e9servation.<\/p>\n<p>[\/et_pb_text][et_pb_code _builder_version=\u00a0\u00bb4.27.5&Prime; _module_preset=\u00a0\u00bbdefault\u00a0\u00bb text_orientation=\u00a0\u00bbcenter\u00a0\u00bb global_colors_info=\u00a0\u00bb{}\u00a0\u00bb][\/et_pb_code][\/et_pb_column][\/et_pb_row][\/et_pb_section][et_pb_section fb_built=\u00a0\u00bb1&Prime; _builder_version=\u00a0\u00bb4.27.5&Prime; _module_preset=\u00a0\u00bbdefault\u00a0\u00bb custom_padding=\u00a0\u00bb0px|||||\u00a0\u00bb global_colors_info=\u00a0\u00bb{}\u00a0\u00bb][et_pb_row _builder_version=\u00a0\u00bb4.27.5&Prime; _module_preset=\u00a0\u00bbdefault\u00a0\u00bb custom_padding=\u00a0\u00bb21px|||||\u00a0\u00bb global_colors_info=\u00a0\u00bb{}\u00a0\u00bb][et_pb_column type=\u00a0\u00bb4_4&Prime; _builder_version=\u00a0\u00bb4.27.5&Prime; _module_preset=\u00a0\u00bbdefault\u00a0\u00bb global_colors_info=\u00a0\u00bb{}\u00a0\u00bb][et_pb_text _builder_version=\u00a0\u00bb4.27.5&Prime; _module_preset=\u00a0\u00bbdefault\u00a0\u00bb global_colors_info=\u00a0\u00bb{}\u00a0\u00bb]<\/p>\n<h2 style=\"text-align: center;\"><strong>Les \u00e9quipements + capacit\u00e9s<\/strong><\/h2>\n<p>[\/et_pb_text][\/et_pb_column][\/et_pb_row][\/et_pb_section][et_pb_section fb_built=\u00a0\u00bb1&Prime; _builder_version=\u00a0\u00bb4.27.5&Prime; _module_preset=\u00a0\u00bbdefault\u00a0\u00bb custom_margin=\u00a0\u00bb||-66px|||\u00a0\u00bb custom_padding=\u00a0\u00bb0px||1px|||\u00a0\u00bb global_colors_info=\u00a0\u00bb{}\u00a0\u00bb][et_pb_row column_structure=\u00a0\u00bb1_2,1_2&Prime; _builder_version=\u00a0\u00bb4.27.5&Prime; _module_preset=\u00a0\u00bbdefault\u00a0\u00bb min_height=\u00a0\u00bb986.9px\u00a0\u00bb custom_margin=\u00a0\u00bb-71px|auto||auto||\u00a0\u00bb global_colors_info=\u00a0\u00bb{}\u00a0\u00bb][et_pb_column type=\u00a0\u00bb1_2&Prime; _builder_version=\u00a0\u00bb4.27.5&Prime; _module_preset=\u00a0\u00bbdefault\u00a0\u00bb global_colors_info=\u00a0\u00bb{}\u00a0\u00bb][et_pb_text _builder_version=\u00a0\u00bb4.27.5&Prime; _module_preset=\u00a0\u00bbdefault\u00a0\u00bb global_colors_info=\u00a0\u00bb{}\u00a0\u00bb]<\/p>\n<p class=\"p1\" style=\"text-align: center;\">Le logement est pens\u00e9 pour accueillir <span class=\"s1\"><b>4 voyageurs<\/b><\/span> dans un confort optimal :<\/p>\n<h3 style=\"text-align: center;\"><b>\ud83d\udecf\ufe0f Deux chambres :<\/b><\/h3>\n<p class=\"p1\" style=\"text-align: center;\">1 chambre parentale avec <span class=\"s1\"><b>lit double 190 cm<\/b><b><\/b><\/span><\/p>\n<p class=\"p1\" style=\"text-align: center;\">1 chambre enfant avec <span class=\"s1\"><b>lits superpos\u00e9s<\/b><b><\/b><\/span><\/p>\n<p class=\"p1\" style=\"text-align: center;\"><b>Lit b\u00e9b\u00e9 pliant<\/b><span class=\"s1\">, <\/span><b>table \u00e0 langer<\/b><span class=\"s1\">, <\/span><b>chaise haute<\/b><span class=\"s1\">, <\/span><b>vaisselle enfant<\/b><span class=\"s1\">, <\/span><b>jeux et livres<\/b><span class=\"s1\"> fournis sur demande<\/span><\/p>\n<p class=\"p1\" style=\"text-align: center;\">Draps fournis<span class=\"s1\"><\/span><\/p>\n<p class=\"p1\" style=\"text-align: center;\">Parfait pour les familles gr\u00e2ce aux nombreux \u00e9quipements d\u00e9di\u00e9s aux plus petits.<\/p>\n<hr \/>\n<h2 style=\"text-align: center;\"><b>\ud83c\udf73 Cuisine \u00e9quip\u00e9e &amp; espace de vie confortable<\/b><\/h2>\n<p class=\"p4\" style=\"text-align: center;\"><span class=\"s3\">Vous profitez d\u2019une <\/span><b>cuisine enti\u00e8rement am\u00e9nag\u00e9e<\/b><span class=\"s3\"> :<\/span><\/p>\n<p class=\"p1\" style=\"text-align: center;\">r\u00e9frig\u00e9rateur, cong\u00e9lateur<\/p>\n<p class=\"p1\" style=\"text-align: center;\">lave-vaisselle<\/p>\n<p class=\"p1\" style=\"text-align: center;\">four + micro-ondes<\/p>\n<p class=\"p1\" style=\"text-align: center;\">plaque de cuisson<\/p>\n<p class=\"p1\" style=\"text-align: center;\">cafeti\u00e8re Dolce Gusto<\/p>\n<p class=\"p1\" style=\"text-align: center;\">bouilloire, grille-pain<\/p>\n<p class=\"p1\" style=\"text-align: center;\">robot m\u00e9nager<\/p>\n<p class=\"p1\" style=\"text-align: center;\">vaisselle compl\u00e8te, verres \u00e0 vin, ustensiles, vaisselle pour enfants<\/p>\n<p class=\"p1\" style=\"text-align: center;\">Tout est pr\u00eat pour pr\u00e9parer vos repas comme \u00e0 la maison.<\/p>\n<p class=\"p1\" style=\"text-align: center;\">Le salon dispose d\u2019une <span class=\"s1\"><b>TV<\/b><\/span>, d\u2019une connexion <span class=\"s1\"><b>Wi-Fi<\/b><\/span> et d\u2019un espace d\u00e9tente agr\u00e9able.<\/p>\n<p class=\"p1\" style=\"text-align: center;\">\n<p>[\/et_pb_text][\/et_pb_column][et_pb_column type=\u00a0\u00bb1_2&Prime; _builder_version=\u00a0\u00bb4.27.5&Prime; _module_preset=\u00a0\u00bbdefault\u00a0\u00bb global_colors_info=\u00a0\u00bb{}\u00a0\u00bb][et_pb_text _builder_version=\u00a0\u00bb4.27.5&Prime; _module_preset=\u00a0\u00bbdefault\u00a0\u00bb global_colors_info=\u00a0\u00bb{}\u00a0\u00bb]<\/p>\n<h2 style=\"text-align: center;\"><b>\ud83c\udfca Piscine priv\u00e9e &amp; grand domaine ombrag\u00e9<\/b><\/h2>\n<p class=\"p1\" style=\"text-align: center;\">L\u2019un des grands atouts du g\u00eete :<\/p>\n<p class=\"p1\" style=\"text-align: center;\"><span class=\"s1\"><b>Piscine priv\u00e9e 15 \u00d7 5 m<\/b><\/span>, ouverte \u00e9t\u00e9 et mi-saison<\/p>\n<p class=\"p1\" style=\"text-align: center;\">Accessible <span class=\"s1\"><b>24h\/24<\/b><b><\/b><\/span><\/p>\n<p class=\"p1\" style=\"text-align: center;\">Terrain ombrag\u00e9, calme, avec espace jeux enfants<\/p>\n<p class=\"p1\" style=\"text-align: center;\">Balancelle, terrasse privative, transats, jardin partag\u00e9<\/p>\n<p class=\"p1\" style=\"text-align: center;\">Id\u00e9al pour se ressourcer dans un environnement apaisant.<\/p>\n<hr \/>\n<h2 style=\"text-align: center;\"><b>\ud83d\ude97 Acc\u00e8s, parking &amp; \u00e9quipements pratiques<\/b><\/h2>\n<p class=\"p1\" style=\"text-align: center;\">Acc\u00e8s au g\u00eete par un escalier<\/p>\n<p class=\"p1\" style=\"text-align: center;\"><b>Parking gratuit<\/b><span class=\"s1\"> sur place<\/span><\/p>\n<p class=\"p1\" style=\"text-align: center;\">Garage possible pour <span class=\"s1\"><b>motos<\/b><\/span> ou <span class=\"s1\"><b>v\u00e9los<\/b><b><\/b><\/span><\/p>\n<p class=\"p1\" style=\"text-align: center;\">Climatisation (split) + chauffage<\/p>\n<p class=\"p1\" style=\"text-align: center;\">Moustiquaires, \u00e9tendoir, fer \u00e0 repasser<\/p>\n<p class=\"p1\" style=\"text-align: center;\">D\u00e9tecteur de fum\u00e9e<\/p>\n<hr \/>\n<h2 style=\"text-align: center;\"><b>\ud83d\udebf Salle de bain fonctionnelle<\/b><\/h2>\n<p class=\"p1\" style=\"text-align: center;\">Douche + lavabo<\/p>\n<p class=\"p1\" style=\"text-align: center;\">Serviettes de toilette fournis<\/p>\n<p class=\"p1\" style=\"text-align: center;\">Gel douche, savon, shampooing<\/p>\n<p class=\"p1\" style=\"text-align: center;\">Marchepied pour enfants<\/p>\n<p>[\/et_pb_text][\/et_pb_column][\/et_pb_row][\/et_pb_section][et_pb_section fb_built=\u00a0\u00bb1&Prime; _builder_version=\u00a0\u00bb4.27.5&Prime; _module_preset=\u00a0\u00bbdefault\u00a0\u00bb global_colors_info=\u00a0\u00bb{}\u00a0\u00bb][et_pb_row _builder_version=\u00a0\u00bb4.27.5&Prime; _module_preset=\u00a0\u00bbdefault\u00a0\u00bb custom_margin=\u00a0\u00bb-33px|auto||auto||\u00a0\u00bb global_colors_info=\u00a0\u00bb{}\u00a0\u00bb][et_pb_column type=\u00a0\u00bb4_4&Prime; _builder_version=\u00a0\u00bb4.27.5&Prime; _module_preset=\u00a0\u00bbdefault\u00a0\u00bb global_colors_info=\u00a0\u00bb{}\u00a0\u00bb][et_pb_gallery gallery_ids=\u00a0\u00bb23,22,27,21,20,19,18,26,25,14,17,15&Prime; posts_number=\u00a0\u00bb12&Prime; show_pagination=\u00a0\u00bboff\u00a0\u00bb _builder_version=\u00a0\u00bb4.27.5&Prime; _module_preset=\u00a0\u00bbdefault\u00a0\u00bb text_orientation=\u00a0\u00bbcenter\u00a0\u00bb global_colors_info=\u00a0\u00bb{}\u00a0\u00bb][\/et_pb_gallery][\/et_pb_column][\/et_pb_row][\/et_pb_section][et_pb_section fb_built=\u00a0\u00bb1&Prime; _builder_version=\u00a0\u00bb4.27.5&Prime; _module_preset=\u00a0\u00bbdefault\u00a0\u00bb custom_padding=\u00a0\u00bb0px|||||\u00a0\u00bb global_colors_info=\u00a0\u00bb{}\u00a0\u00bb][et_pb_row _builder_version=\u00a0\u00bb4.27.5&Prime; _module_preset=\u00a0\u00bbdefault\u00a0\u00bb global_colors_info=\u00a0\u00bb{}\u00a0\u00bb][et_pb_column type=\u00a0\u00bb4_4&Prime; _builder_version=\u00a0\u00bb4.27.5&Prime; _module_preset=\u00a0\u00bbdefault\u00a0\u00bb global_colors_info=\u00a0\u00bb{}\u00a0\u00bb][et_pb_text _builder_version=\u00a0\u00bb4.27.5&Prime; _module_preset=\u00a0\u00bbdefault\u00a0\u00bb global_colors_info=\u00a0\u00bb{}\u00a0\u00bb]<\/p>\n<h2 style=\"text-align: center;\"><strong>Info Pratique<\/strong><\/h2>\n<p style=\"text-align: center;\"><b>\ud83e\udd7e Activit\u00e9s \u00e0 proximit\u00e9<\/b><\/p>\n<p class=\"p1\" style=\"text-align: center;\">Randonn\u00e9es<\/p>\n<p class=\"p1\" style=\"text-align: center;\">VTT (garage possible)<\/p>\n<p class=\"p1\" style=\"text-align: center;\">Commerces et courses \u00e0 <span class=\"s1\"><b>4 km<\/b><b><\/b><\/span><\/p>\n<p class=\"p1\" style=\"text-align: center;\">Visites de Sisteron, villages perch\u00e9s, Route Napol\u00e9on<\/p>\n<p class=\"p1\" style=\"text-align: center;\">Activit\u00e9s familiales et nature<\/p>\n<p class=\"p1\" style=\"text-align: center;\">Les animaux ne sont pas accept\u00e9s.<\/p>\n<hr \/>\n<p style=\"text-align: center;\"><b>\ud83d\udcc5 Tarifs &amp; disponibilit\u00e9s<\/b><\/p>\n<p class=\"p1\" style=\"text-align: center;\"><b>Octobre \u00e0 Avril : 60 \u20ac \/ nuit<\/b><\/p>\n<p class=\"p1\" style=\"text-align: center;\"><b>Mai, Juin, Septembre : 80 \u20ac \/ nuit<\/b><\/p>\n<p class=\"p1\" style=\"text-align: center;\"><b>Juillet \/ Ao\u00fbt : 135 \u20ac \/ nuit<\/b><b><\/b><\/p>\n<p class=\"p1\" style=\"text-align: center;\">R\u00e9duction \u00e0 partir de 8<span class=\"s1\"><b>\u00a0nuits<\/b><b><\/b><\/span><\/p>\n<p class=\"p1\" style=\"text-align: center;\"><b>Tarifs pr\u00e9f\u00e9rentiels en direct, sans commission<\/b><\/p>\n<p class=\"p3\" style=\"text-align: center;\">Pour les disponibilit\u00e9s : r\u00e9ponse sous <span class=\"s2\"><b>24h<\/b><\/span>.<\/p>\n<p class=\"p3\" style=\"text-align: center;\">\ud83d\udc49 <i>R\u00e9server en direct = meilleur prix garanti.<\/i><\/p>\n<p>[\/et_pb_text][\/et_pb_column][\/et_pb_row][\/et_pb_section]<\/p>\n","protected":false},"excerpt":{"rendered":"<p>Le logement\u00c0 seulement 12 km de Sisteron, 4 km de Ch\u00e2teau-Arnoux, et 30 km de Digne-les-Bains, notre g\u00eete de 40 m\u00b2 offre un cadre calme, ombrag\u00e9 et id\u00e9al pour un s\u00e9jour en famille ou un week-end d\u00e9tente en Provence. Situ\u00e9 sur la Route Napol\u00e9on, il b\u00e9n\u00e9ficie d\u2019un emplacement parfait pour explorer la r\u00e9gion, randonner et [&hellip;]<\/p>\n","protected":false},"author":1,"featured_media":0,"parent":0,"menu_order":0,"comment_status":"closed","ping_status":"closed","template":"","meta":{"_et_pb_use_builder":"on","_et_pb_old_content":"","_et_gb_content_width":"","footnotes":""},"class_list":["post-49","page","type-page","status-publish","hentry"],"yoast_head":"<!-- This site is optimized with the Yoast SEO plugin v27.3 - https:\/\/yoast.com\/product\/yoast-seo-wordpress\/ -->\n<title>Le logement - G\u00eete les Rouvi\u00e8res<\/title>\n<meta name=\"robots\" content=\"index, follow, max-snippet:-1, max-image-preview:large, max-video-preview:-1\" \/>\n<link rel=\"canonical\" href=\"https:\/\/www.gite-lesrouvieres.fr\/index.php\/le-logement\/\" \/>\n<meta property=\"og:locale\" content=\"fr_FR\" \/>\n<meta property=\"og:type\" content=\"article\" \/>\n<meta property=\"og:title\" content=\"Le logement - G\u00eete les Rouvi\u00e8res\" \/>\n<meta property=\"og:description\" content=\"Le logement\u00c0 seulement 12 km de Sisteron, 4 km de Ch\u00e2teau-Arnoux, et 30 km de Digne-les-Bains, notre g\u00eete de 40 m\u00b2 offre un cadre calme, ombrag\u00e9 et id\u00e9al pour un s\u00e9jour en famille ou un week-end d\u00e9tente en Provence. Situ\u00e9 sur la Route Napol\u00e9on, il b\u00e9n\u00e9ficie d\u2019un emplacement parfait pour explorer la r\u00e9gion, randonner et [&hellip;]\" \/>\n<meta property=\"og:url\" content=\"https:\/\/www.gite-lesrouvieres.fr\/index.php\/le-logement\/\" \/>\n<meta property=\"og:site_name\" content=\"G\u00eete les Rouvi\u00e8res\" \/>\n<meta property=\"article:modified_time\" content=\"2026-01-13T10:52:38+00:00\" \/>\n<meta name=\"twitter:card\" content=\"summary_large_image\" \/>\n<meta name=\"twitter:label1\" content=\"Dur\u00e9e de lecture estim\u00e9e\" \/>\n\t<meta name=\"twitter:data1\" content=\"5 minutes\" \/>\n<script type=\"application\/ld+json\" class=\"yoast-schema-graph\">{\"@context\":\"https:\\\/\\\/schema.org\",\"@graph\":[{\"@type\":\"WebPage\",\"@id\":\"https:\\\/\\\/www.gite-lesrouvieres.fr\\\/index.php\\\/le-logement\\\/\",\"url\":\"https:\\\/\\\/www.gite-lesrouvieres.fr\\\/index.php\\\/le-logement\\\/\",\"name\":\"Le logement - G\u00eete les Rouvi\u00e8res\",\"isPartOf\":{\"@id\":\"https:\\\/\\\/www.gite-lesrouvieres.fr\\\/#website\"},\"datePublished\":\"2026-01-06T17:23:37+00:00\",\"dateModified\":\"2026-01-13T10:52:38+00:00\",\"breadcrumb\":{\"@id\":\"https:\\\/\\\/www.gite-lesrouvieres.fr\\\/index.php\\\/le-logement\\\/#breadcrumb\"},\"inLanguage\":\"fr-FR\",\"potentialAction\":[{\"@type\":\"ReadAction\",\"target\":[\"https:\\\/\\\/www.gite-lesrouvieres.fr\\\/index.php\\\/le-logement\\\/\"]}]},{\"@type\":\"BreadcrumbList\",\"@id\":\"https:\\\/\\\/www.gite-lesrouvieres.fr\\\/index.php\\\/le-logement\\\/#breadcrumb\",\"itemListElement\":[{\"@type\":\"ListItem\",\"position\":1,\"name\":\"Accueil\",\"item\":\"https:\\\/\\\/www.gite-lesrouvieres.fr\\\/\"},{\"@type\":\"ListItem\",\"position\":2,\"name\":\"Le logement\"}]},{\"@type\":\"WebSite\",\"@id\":\"https:\\\/\\\/www.gite-lesrouvieres.fr\\\/#website\",\"url\":\"https:\\\/\\\/www.gite-lesrouvieres.fr\\\/\",\"name\":\"G\u00eete les Rouvi\u00e8res\",\"description\":\"\",\"publisher\":{\"@id\":\"https:\\\/\\\/www.gite-lesrouvieres.fr\\\/#organization\"},\"potentialAction\":[{\"@type\":\"SearchAction\",\"target\":{\"@type\":\"EntryPoint\",\"urlTemplate\":\"https:\\\/\\\/www.gite-lesrouvieres.fr\\\/?s={search_term_string}\"},\"query-input\":{\"@type\":\"PropertyValueSpecification\",\"valueRequired\":true,\"valueName\":\"search_term_string\"}}],\"inLanguage\":\"fr-FR\"},{\"@type\":\"Organization\",\"@id\":\"https:\\\/\\\/www.gite-lesrouvieres.fr\\\/#organization\",\"name\":\"G\u00eete les Rouvi\u00e8res\",\"url\":\"https:\\\/\\\/www.gite-lesrouvieres.fr\\\/\",\"logo\":{\"@type\":\"ImageObject\",\"inLanguage\":\"fr-FR\",\"@id\":\"https:\\\/\\\/www.gite-lesrouvieres.fr\\\/#\\\/schema\\\/logo\\\/image\\\/\",\"url\":\"https:\\\/\\\/www.gite-lesrouvieres.fr\\\/wp-content\\\/uploads\\\/2026\\\/01\\\/home-rental-09.png\",\"contentUrl\":\"https:\\\/\\\/www.gite-lesrouvieres.fr\\\/wp-content\\\/uploads\\\/2026\\\/01\\\/home-rental-09.png\",\"width\":48,\"height\":48,\"caption\":\"G\u00eete les Rouvi\u00e8res\"},\"image\":{\"@id\":\"https:\\\/\\\/www.gite-lesrouvieres.fr\\\/#\\\/schema\\\/logo\\\/image\\\/\"}}]}<\/script>\n<!-- \/ Yoast SEO plugin. -->","yoast_head_json":{"title":"Le logement - G\u00eete les Rouvi\u00e8res","robots":{"index":"index","follow":"follow","max-snippet":"max-snippet:-1","max-image-preview":"max-image-preview:large","max-video-preview":"max-video-preview:-1"},"canonical":"https:\/\/www.gite-lesrouvieres.fr\/index.php\/le-logement\/","og_locale":"fr_FR","og_type":"article","og_title":"Le logement - G\u00eete les Rouvi\u00e8res","og_description":"Le logement\u00c0 seulement 12 km de Sisteron, 4 km de Ch\u00e2teau-Arnoux, et 30 km de Digne-les-Bains, notre g\u00eete de 40 m\u00b2 offre un cadre calme, ombrag\u00e9 et id\u00e9al pour un s\u00e9jour en famille ou un week-end d\u00e9tente en Provence. Situ\u00e9 sur la Route Napol\u00e9on, il b\u00e9n\u00e9ficie d\u2019un emplacement parfait pour explorer la r\u00e9gion, randonner et [&hellip;]","og_url":"https:\/\/www.gite-lesrouvieres.fr\/index.php\/le-logement\/","og_site_name":"G\u00eete les Rouvi\u00e8res","article_modified_time":"2026-01-13T10:52:38+00:00","twitter_card":"summary_large_image","twitter_misc":{"Dur\u00e9e de lecture estim\u00e9e":"5 minutes"},"schema":{"@context":"https:\/\/schema.org","@graph":[{"@type":"WebPage","@id":"https:\/\/www.gite-lesrouvieres.fr\/index.php\/le-logement\/","url":"https:\/\/www.gite-lesrouvieres.fr\/index.php\/le-logement\/","name":"Le logement - G\u00eete les Rouvi\u00e8res","isPartOf":{"@id":"https:\/\/www.gite-lesrouvieres.fr\/#website"},"datePublished":"2026-01-06T17:23:37+00:00","dateModified":"2026-01-13T10:52:38+00:00","breadcrumb":{"@id":"https:\/\/www.gite-lesrouvieres.fr\/index.php\/le-logement\/#breadcrumb"},"inLanguage":"fr-FR","potentialAction":[{"@type":"ReadAction","target":["https:\/\/www.gite-lesrouvieres.fr\/index.php\/le-logement\/"]}]},{"@type":"BreadcrumbList","@id":"https:\/\/www.gite-lesrouvieres.fr\/index.php\/le-logement\/#breadcrumb","itemListElement":[{"@type":"ListItem","position":1,"name":"Accueil","item":"https:\/\/www.gite-lesrouvieres.fr\/"},{"@type":"ListItem","position":2,"name":"Le logement"}]},{"@type":"WebSite","@id":"https:\/\/www.gite-lesrouvieres.fr\/#website","url":"https:\/\/www.gite-lesrouvieres.fr\/","name":"G\u00eete les Rouvi\u00e8res","description":"","publisher":{"@id":"https:\/\/www.gite-lesrouvieres.fr\/#organization"},"potentialAction":[{"@type":"SearchAction","target":{"@type":"EntryPoint","urlTemplate":"https:\/\/www.gite-lesrouvieres.fr\/?s={search_term_string}"},"query-input":{"@type":"PropertyValueSpecification","valueRequired":true,"valueName":"search_term_string"}}],"inLanguage":"fr-FR"},{"@type":"Organization","@id":"https:\/\/www.gite-lesrouvieres.fr\/#organization","name":"G\u00eete les Rouvi\u00e8res","url":"https:\/\/www.gite-lesrouvieres.fr\/","logo":{"@type":"ImageObject","inLanguage":"fr-FR","@id":"https:\/\/www.gite-lesrouvieres.fr\/#\/schema\/logo\/image\/","url":"https:\/\/www.gite-lesrouvieres.fr\/wp-content\/uploads\/2026\/01\/home-rental-09.png","contentUrl":"https:\/\/www.gite-lesrouvieres.fr\/wp-content\/uploads\/2026\/01\/home-rental-09.png","width":48,"height":48,"caption":"G\u00eete les Rouvi\u00e8res"},"image":{"@id":"https:\/\/www.gite-lesrouvieres.fr\/#\/schema\/logo\/image\/"}}]}},"_links":{"self":[{"href":"https:\/\/www.gite-lesrouvieres.fr\/index.php\/wp-json\/wp\/v2\/pages\/49","targetHints":{"allow":["GET"]}}],"collection":[{"href":"https:\/\/www.gite-lesrouvieres.fr\/index.php\/wp-json\/wp\/v2\/pages"}],"about":[{"href":"https:\/\/www.gite-lesrouvieres.fr\/index.php\/wp-json\/wp\/v2\/types\/page"}],"author":[{"embeddable":true,"href":"https:\/\/www.gite-lesrouvieres.fr\/index.php\/wp-json\/wp\/v2\/users\/1"}],"replies":[{"embeddable":true,"href":"https:\/\/www.gite-lesrouvieres.fr\/index.php\/wp-json\/wp\/v2\/comments?post=49"}],"version-history":[{"count":9,"href":"https:\/\/www.gite-lesrouvieres.fr\/index.php\/wp-json\/wp\/v2\/pages\/49\/revisions"}],"predecessor-version":[{"id":104,"href":"https:\/\/www.gite-lesrouvieres.fr\/index.php\/wp-json\/wp\/v2\/pages\/49\/revisions\/104"}],"wp:attachment":[{"href":"https:\/\/www.gite-lesrouvieres.fr\/index.php\/wp-json\/wp\/v2\/media?parent=49"}],"curies":[{"name":"wp","href":"https:\/\/api.w.org\/{rel}","templated":true}]}}